{"id":61,"date":"2020-11-05T08:04:53","date_gmt":"2020-11-05T08:04:53","guid":{"rendered":"<!-- wp:paragraph -->\r\n<p><strong><a href=\"http:\/\/ceia.iseclisboa.pt\/\">PT<\/a> | <a href=\"https:\/\/ceia.iseclisboa.pt\/?page_id=670\">EN<\/a><\/strong><\/p>\r\n<!-- \/wp:paragraph --><!-- \/wp:paragraph -->\r\n\r\n<!-- wp:separator --><hr class=\"wp-block-separator\" \/><!"},"modified":"2023-04-04T13:55:34","modified_gmt":"2023-04-04T13:55:34","slug":"home-2","status":"publish","type":"page","link":"https:\/\/ceia.iseclisboa.pt\/","title":{"rendered":"Bem-vind@s"},"content":{"rendered":"\r\n<p><strong><a href=\"https:\/\/ceia.iseclisboa.pt\/\">PT<\/a> | <a href=\"https:\/\/ceia.iseclisboa.pt\/?page_id=670\">EN<\/a><\/strong><\/p>\r\n<!-- \/wp:post-content -->\r\n\r\n<!-- wp:separator --><hr class=\"wp-block-separator\" \/><!-- \/wp:separator -->\r\n\r\n<!-- wp:paragraph \/-->\r\n\r\n<!-- wp:paragraph {\"align\":\"center\",\"style\":{\"color\":{\"text\":\"#0c0c0c\"},\"typography\":{\"fontSize\":22}}} -->\r\n<p>&nbsp;<\/p>\r\n<p class=\"has-text-align-center has-text-color\" style=\"color: #0c0c0c; font-size: 22px;\"><strong>O Centro concentra a investiga\u00e7\u00e3o cient\u00edfica realizada no \u00e2mbito das diferentes \u00e1reas de forma\u00e7\u00e3o do ISEC Lisboa, bem como os estudos aplicados que partem do Instituto para a comunidade.<\/strong><\/p>\r\n<!-- \/wp:paragraph -->","protected":false},"excerpt":{"rendered":"<p>PT | EN &nbsp; O Centro concentra a investiga\u00e7\u00e3o cient\u00edfica realizada no \u00e2mbito das diferentes \u00e1reas de forma\u00e7\u00e3o do ISEC Lisboa, bem como os estudos aplicados que partem do Instituto para a comunidade.<\/p>\n","protected":false},"author":1,"featured_media":0,"parent":0,"menu_order":0,"comment_status":"closed","ping_status":"closed","template":"","meta":{"footnotes":""},"class_list":["post-61","page","type-page","status-publish"],"_links":{"self":[{"href":"https:\/\/ceia.iseclisboa.pt\/index.php?rest_route=\/wp\/v2\/pages\/61","targetHints":{"allow":["GET"]}}],"collection":[{"href":"https:\/\/ceia.iseclisboa.pt\/index.php?rest_route=\/wp\/v2\/pages"}],"about":[{"href":"https:\/\/ceia.iseclisboa.pt\/index.php?rest_route=\/wp\/v2\/types\/page"}],"author":[{"embeddable":true,"href":"https:\/\/ceia.iseclisboa.pt\/index.php?rest_route=\/wp\/v2\/users\/1"}],"replies":[{"embeddable":true,"href":"https:\/\/ceia.iseclisboa.pt\/index.php?rest_route=%2Fwp%2Fv2%2Fcomments&post=61"}],"version-history":[{"count":56,"href":"https:\/\/ceia.iseclisboa.pt\/index.php?rest_route=\/wp\/v2\/pages\/61\/revisions"}],"predecessor-version":[{"id":795,"href":"https:\/\/ceia.iseclisboa.pt\/index.php?rest_route=\/wp\/v2\/pages\/61\/revisions\/795"}],"wp:attachment":[{"href":"https:\/\/ceia.iseclisboa.pt\/index.php?rest_route=%2Fwp%2Fv2%2Fmedia&parent=61"}],"curies":[{"name":"wp","href":"https:\/\/api.w.org\/{rel}","templated":true}]}}