{"id":381,"date":"2020-12-11T14:02:04","date_gmt":"2020-12-11T14:02:04","guid":{"rendered":"http:\/\/Sustentabilidade%20e%20Gest\u00e3o%20do%20Territ\u00f3rio"},"modified":"2024-07-18T13:09:35","modified_gmt":"2024-07-18T13:09:35","slug":"cl8","status":"publish","type":"page","link":"https:\/\/ceia.iseclisboa.pt\/?page_id=381","title":{"rendered":"CL4 &#8211; Sustentabilidade e Gest\u00e3o do Territ\u00f3rio"},"content":{"rendered":"<p style=\"text-align: right; font-size: 0.75rem;\"><a href=\"https:\/\/ceia.iseclisboa.pt\/?page_id=382\">EN<\/a> | <a href=\"https:\/\/ceia.iseclisboa.pt\/?page_id=381\">PT<\/a><\/p>\r\n<hr class=\"wp-block-separator\" style=\"color: #cccccc;\" \/>\r\n<p style=\"text-align: justify;\">Esta linha de investiga\u00e7\u00e3o engloba projetos de sustentabilidade na \u00e1rea da energia el\u00e9trica, da qualidade do ar e da gest\u00e3o do territ\u00f3rio.<\/p>\r\n<hr style=\"color: #cccccc;\" \/>\r\n<p style=\"font-weight: 400; color: #1e73bd;\">Projetos<\/p>\r\n<div id=\"upl-list-1191\" class=\"upl-list\">\n<ul>\n<li><div class=\"upl-post-title\"><a href=\"https:\/\/ceia.iseclisboa.pt\/?p=1158\">Abordagem Leader<\/a><\/div><\/li>\n<li><div class=\"upl-post-title\"><a href=\"https:\/\/ceia.iseclisboa.pt\/?p=1010\">Remo\u00e7\u00e3o de Poluentes de \u00e1guas residuais utilizando SPE<\/a><\/div><\/li>\n<li><div class=\"upl-post-title\"><a href=\"https:\/\/ceia.iseclisboa.pt\/?p=1004\">Marcas identit\u00e1rias da gastronomia na \u00e1rea do Pinhal e Vale do Tejo<\/a><\/div><\/li>\n<li><div class=\"upl-post-title\"><a href=\"https:\/\/ceia.iseclisboa.pt\/?p=996\">Impacto dos Caminhos de Santiago da Regi\u00e3o Alentejo\/Ribatejo no contexto empresarial conexo \u00e0 atividade tur\u00edstica &#8211; enfoque Caminho da Raia<\/a><\/div><\/li>\n<li><div class=\"upl-post-title\"><a href=\"https:\/\/ceia.iseclisboa.pt\/?p=935\">Projeto Alij\u00f3: Implementa\u00e7\u00e3o do Conceito de Aer\u00f3dromo Verde como Centro de Teste de Tecnologias de Propuls\u00e3o Inovadoras e Combust\u00edveis Sustent\u00e1veis<\/a><\/div><\/li>\n<li><div class=\"upl-post-title\"><a href=\"https:\/\/ceia.iseclisboa.pt\/?p=848\">Viva os Objetivos! A Agenda 2030 no ISEC Lisboa<\/a><\/div><\/li>\n<\/ul>\n<\/div>\n","protected":false},"excerpt":{"rendered":"<p>EN | PT Esta linha de investiga\u00e7\u00e3o engloba projetos de sustentabilidade na \u00e1rea da energia el\u00e9trica, da qualidade do ar e da gest\u00e3o do territ\u00f3rio. Projetos<\/p>\n","protected":false},"author":1,"featured_media":0,"parent":0,"menu_order":0,"comment_status":"closed","ping_status":"closed","template":"","meta":{"footnotes":""},"class_list":["post-381","page","type-page","status-publish","hentry"],"_links":{"self":[{"href":"https:\/\/ceia.iseclisboa.pt\/index.php?rest_route=\/wp\/v2\/pages\/381","targetHints":{"allow":["GET"]}}],"collection":[{"href":"https:\/\/ceia.iseclisboa.pt\/index.php?rest_route=\/wp\/v2\/pages"}],"about":[{"href":"https:\/\/ceia.iseclisboa.pt\/index.php?rest_route=\/wp\/v2\/types\/page"}],"author":[{"embeddable":true,"href":"https:\/\/ceia.iseclisboa.pt\/index.php?rest_route=\/wp\/v2\/users\/1"}],"replies":[{"embeddable":true,"href":"https:\/\/ceia.iseclisboa.pt\/index.php?rest_route=%2Fwp%2Fv2%2Fcomments&post=381"}],"version-history":[{"count":15,"href":"https:\/\/ceia.iseclisboa.pt\/index.php?rest_route=\/wp\/v2\/pages\/381\/revisions"}],"predecessor-version":[{"id":1280,"href":"https:\/\/ceia.iseclisboa.pt\/index.php?rest_route=\/wp\/v2\/pages\/381\/revisions\/1280"}],"wp:attachment":[{"href":"https:\/\/ceia.iseclisboa.pt\/index.php?rest_route=%2Fwp%2Fv2%2Fmedia&parent=381"}],"curies":[{"name":"wp","href":"https:\/\/api.w.org\/{rel}","templated":true}]}}