{"id":1200,"date":"2024-07-16T14:23:21","date_gmt":"2024-07-16T14:23:21","guid":{"rendered":"https:\/\/ceia.iseclisboa.pt\/?page_id=1200"},"modified":"2024-07-29T16:29:06","modified_gmt":"2024-07-29T16:29:06","slug":"egea-producao-cientifica-com-alunos","status":"publish","type":"page","link":"https:\/\/ceia.iseclisboa.pt\/?page_id=1200","title":{"rendered":"EGEA | Produ\u00e7\u00e3o Cient\u00edfica com [A]lunos"},"content":{"rendered":"<p style=\"font-size: 0.75rem;\">ESCOLA DE ENGENHARIA, GEST\u00c3O E AERON\u00c1UTICA<\/p>\n<p class=\"has-text-color\" style=\"color: #1e73be; font-size: 25px;\">Cap\u00edtulos de livros<\/p>\n<ul>\n<li style=\"text-align: justify;\">Costa, J. [A], <a href=\"https:\/\/orcid.org\/0000-0003-0685-259X\" target=\"_blank\" rel=\"noopener\">Quadros, R.<\/a>, <a href=\"https:\/\/orcid.org\/0000-0003-3393-3678\" target=\"_blank\" rel=\"noopener\">Barqueira, A.<\/a> (2023). A Case Study of Lufthansa, Vueling, and Wizz Air Aircraft Turnarounds at Lisbon Airport. In: Kurnaz, S., Rodrigues, A. and Bowyer, D., Challenges and Opportunities for Aviation Stakeholders in a Post-Pandemic World, IGI Global. DOI: <a href=\"https:\/\/doi.org\/10.4018\/979-8-3693-0908-7\" target=\"_blank\" rel=\"noopener\">10.4018\/978-1-6684-6835-7<\/a>.<\/li>\n<li style=\"text-align: justify;\">Martins, M. [A], <a href=\"https:\/\/orcid.org\/0000-0003-0685-259X\" target=\"_blank\" rel=\"noopener\">Quadros, R.<\/a>, <a href=\"https:\/\/orcid.org\/0000-0003-3393-3678\" target=\"_blank\" rel=\"noopener\">Barqueira, A.<\/a> (2024). COVID-19 Personalization Strategies and Passenger Satisfaction Analysis in Full-Service Airlines: A Study of Lisbon Airport&#8217;s Leading Carriers (page 173-202) In: Kurnaz, S., Rodrigues, A. and Padhra, A., Strategis Management and Policy in the Global Aviation Industry, IGI Global. DOI: <a href=\"https:\/\/doi.org\/10.4018\/979-8-3693-0908-7\" target=\"_blank\" rel=\"noopener\">10.4018\/979-8-3693-0908-7<\/a>.<\/li>\n<li style=\"text-align: justify;\">Baptista, C. [A], <a href=\"https:\/\/orcid.org\/0000-0003-0685-259X\" target=\"_blank\" rel=\"noopener\">Quadros, R.<\/a>, (2024). European Airlines in Turmoil: Post-Pandemic Challenges and Recovery Efforts (page 53-70) In: Kurnaz, S., Rodrigues, A. and Padhra, A., Strategis Management and Policy in the Global Aviation Industry, IGI Global. DOI: <a href=\"https:\/\/doi.org\/10.4018\/979-8-3693-0908-7\" target=\"_blank\" rel=\"noopener\">10.4018\/979-8-3693-0908-7<\/a>.<\/li>\n<\/ul>\n<p>&nbsp;<\/p>\n<p class=\"has-text-color\" style=\"color: #1e73be; font-size: 25px;\">Artigos em revistas internacionais com revis\u00e3o por pares<\/p>\n<ul>\n<li style=\"text-align: justify;\">Silva, M. [A], Santos, L., Melicio, R., Val\u00e9rio, D., Rocha, R., <a href=\"https:\/\/orcid.org\/0000-0003-3393-3678\" target=\"_blank\" rel=\"noopener\">Barqueira, A.<\/a>, Brito, E. (2022). Aviation\u2019s Approach Towards Pilots\u2019 Mental Health: A Review. International Review of Aerospace Engineering, 15(6), 294-307.<\/li>\n<li style=\"text-align: justify;\">Samarra, J. [A], Santos, L., <a href=\"https:\/\/orcid.org\/0000-0003-3393-3678\" target=\"_blank\" rel=\"noopener\">Barqueira, A.<\/a>, Melicio, R., Val\u00e9rio, D., (2023). Uncovering the Hidden Correlations Between Socioeconomic Indicators and Aviation Accidents in the United States. Applied Science, 13(14), 1-19. DOI: <a href=\"https:\/\/doi.org\/10.3390\/app13147997\">10.3390\/app13147997<\/a><\/li>\n<\/ul>\n<p>&nbsp;<\/p>\n<p class=\"has-text-color\" style=\"color: #1e73be; font-size: 25px;\">Comunica\u00e7\u00f5es orais<\/p>\n<ul>\n<li style=\"text-align: justify;\">Amaral, Y. [A], Santos, L. F. F. M., Val\u00e9rio, D., Melicio, R., &amp; <a href=\"https:\/\/orcid.org\/0000-0003-3393-3678\" target=\"_blank\" rel=\"noopener\">Barqueira, A.<\/a> (2022). Probabilistic and Statistical Analysis of Aviation Accidents. In Proceedings of the 12<sup>th<\/sup> EASN International Conference on &#8220;Innovation in Aviation &amp; Space for opening New Horizons&#8221;. Barcelona, Spain: EASN. DOI: <a href=\"https:\/\/doi.org\/10.1088\/1742-6596\/2526\/1\/012107\" target=\"_blank\" rel=\"noopener\">10.1088\/1742-6596\/2526\/1\/012107<\/a><\/li>\n<li style=\"text-align: justify;\">Silva, M. [A], Santos, L. F. F. M., Mel\u00edcio, R., Val\u00e9rio, D., Rocha, R., <a href=\"https:\/\/orcid.org\/0000-0003-3393-3678\" target=\"_blank\" rel=\"noopener\">Barqueira, A.<\/a>, &amp; Brito, E. (2022). Aviation\u00b4s approach towards pilots\u2019 mental health: a review. In Proceedings of the 5<sup>th<\/sup> Meeting of the Young Researchers of LAETA (5EJIL). Lisbon, Portugal.<\/li>\n<li style=\"text-align: justify;\">Seabra, L. [A], Fernandes, M., Neto, H., <a href=\"https:\/\/orcid.org\/0000-0003-3393-3678\" target=\"_blank\" rel=\"noopener\">Barqueira, A.<\/a> (2022). Stress ocupacional em docentes de institui\u00e7\u00f5es de ensino em Portugal. 10\u00aa Confer\u00eancia de Vertentes e Desafios da Seguran\u00e7a (CVDS), 26- 29 outubro 2022, Leiria, Portugal.<\/li>\n<li style=\"text-align: justify;\">Magalh\u00e3es, L., Ferreira, A., Rocha, M., Silva, A. (2023) Techno-economic Analysis of Sustainable Aviation Fuels: E-fuels, Aerospace Europe Conference 2023 Joint 10<sup>th<\/sup> EUCASS | 9<sup>th<\/sup> CEAS Conference, 9-13 July, Lausanne, Switzerland.<\/li>\n<li style=\"text-align: justify;\">Ferreira, A. [A], Magalh\u00e3es, L., Rocha, M., Silva, A. (2023). Life cycle analysis of Sustainable Aviation Fuels production. INCREaSE &#8211; International Congress on Engineering and Sustainability in the XXI Century, Faro, Portugal, 5-7 July, 2023.<\/li>\n<\/ul>\n","protected":false},"excerpt":{"rendered":"<p>ESCOLA DE ENGENHARIA, GEST\u00c3O E AERON\u00c1UTICA Cap\u00edtulos de livros Costa, J. [A], Quadros, R., Barqueira, A. (2023). A Case Study of Lufthansa, Vueling, and Wizz Air Aircraft Turnarounds at Lisbon Airport. In: Kurnaz, S., Rodrigues, A. and Bowyer, D., Challenges and Opportunities for Aviation Stakeholders in a Post-Pandemic World, IGI Global. DOI: 10.4018\/978-1-6684-6835-7. Martins, M. &#8230; <a title=\"EGEA | Produ\u00e7\u00e3o Cient\u00edfica com [A]lunos\" class=\"read-more\" href=\"https:\/\/ceia.iseclisboa.pt\/?page_id=1200\" aria-label=\"Leia mais sobre EGEA | Produ\u00e7\u00e3o Cient\u00edfica com [A]lunos\">Ler mais<\/a><\/p>\n","protected":false},"author":4,"featured_media":0,"parent":0,"menu_order":0,"comment_status":"closed","ping_status":"closed","template":"","meta":{"footnotes":""},"class_list":["post-1200","page","type-page","status-publish"],"_links":{"self":[{"href":"https:\/\/ceia.iseclisboa.pt\/index.php?rest_route=\/wp\/v2\/pages\/1200","targetHints":{"allow":["GET"]}}],"collection":[{"href":"https:\/\/ceia.iseclisboa.pt\/index.php?rest_route=\/wp\/v2\/pages"}],"about":[{"href":"https:\/\/ceia.iseclisboa.pt\/index.php?rest_route=\/wp\/v2\/types\/page"}],"author":[{"embeddable":true,"href":"https:\/\/ceia.iseclisboa.pt\/index.php?rest_route=\/wp\/v2\/users\/4"}],"replies":[{"embeddable":true,"href":"https:\/\/ceia.iseclisboa.pt\/index.php?rest_route=%2Fwp%2Fv2%2Fcomments&post=1200"}],"version-history":[{"count":8,"href":"https:\/\/ceia.iseclisboa.pt\/index.php?rest_route=\/wp\/v2\/pages\/1200\/revisions"}],"predecessor-version":[{"id":1298,"href":"https:\/\/ceia.iseclisboa.pt\/index.php?rest_route=\/wp\/v2\/pages\/1200\/revisions\/1298"}],"wp:attachment":[{"href":"https:\/\/ceia.iseclisboa.pt\/index.php?rest_route=%2Fwp%2Fv2%2Fmedia&parent=1200"}],"curies":[{"name":"wp","href":"https:\/\/api.w.org\/{rel}","templated":true}]}}